{"id":6455,"date":"2011-02-28T21:43:04","date_gmt":"2011-02-28T20:43:04","guid":{"rendered":"http:\/\/www.kfchamont99.be\/blog\/?page_id=6455"},"modified":"2014-02-06T21:48:00","modified_gmt":"2014-02-06T20:48:00","slug":"programma-euro-cup-2011","status":"publish","type":"page","link":"https:\/\/www.kfchamont99.be\/blog\/?page_id=6455","title":{"rendered":"Programma"},"content":{"rendered":"<p>CEREMONIEEL   PROGRAMMA &#8211; Ceremonies Programm &#8211; Programme des C\u00e9r\u00e9monies &#8211; Zeremonielles Programm   <\/p>\n<p><strong>VRIJDAG FRIDAY VENDREDI FREITAG 22.04.2011<br \/>\n<\/strong><br \/>\n13.00-18.00 ACCOMMODATIE KFC HAMONT 99 BEVRIJDINGSSTRAAT HAMONT<\/p>\n<p>Ontvangst buitenlandse teams<br \/>\nArrival of the foreign teams<br \/>\nArriv\u00e9e des \u00e9quipes \u00e9trang\u00e8res<br \/>\nAnkunft der ausl\u00e4ndischen Mannschaften <\/p>\n<p><strong>ZATERDAG SATURDAY SAMEDI SAMSTAG 23.04.2011 <\/strong><\/p>\n<p>9.00 Start<\/p>\n<p>Aanvang schiftingswedstrijden tornooi<br \/>\nStart of the matches<br \/>\nD\u00e9part des matches<br \/>\nAnfang der Fussballspiele <\/p>\n<p>13.00 TERREINEN KFC HAMONT 99 <\/p>\n<p>Offici\u00eble verwelkoming van de deelnemende clubs<br \/>\nOfficial welcome to the participating clubs<br \/>\nBienvenue officiel aux clubs participants<br \/>\nOffizielle Bewillkommnung an allen teilnehmenden Vereinen <\/p>\n<p>20.00 FEESTTENT-TENT-TENTE-FESTZELT KFC HAMONT 99 <\/p>\n<p><a href=\"http:\/\/www.kfchamont99.be\/blog\/wp-content\/uploads\/EC2011-international-soccer-party-600x450.jpg\"><img loading=\"lazy\" decoding=\"async\" src=\"http:\/\/www.kfchamont99.be\/blog\/wp-content\/uploads\/EC2011-international-soccer-party-600x450.jpg\" alt=\"\" title=\"EC2011-international-soccer-party-600x450\" width=\"600\" height=\"450\" class=\"aligncenter size-full wp-image-6808\" srcset=\"https:\/\/www.kfchamont99.be\/blog\/wp-content\/uploads\/EC2011-international-soccer-party-600x450.jpg 600w, https:\/\/www.kfchamont99.be\/blog\/wp-content\/uploads\/EC2011-international-soccer-party-600x450-150x112.jpg 150w, https:\/\/www.kfchamont99.be\/blog\/wp-content\/uploads\/EC2011-international-soccer-party-600x450-300x225.jpg 300w, https:\/\/www.kfchamont99.be\/blog\/wp-content\/uploads\/EC2011-international-soccer-party-600x450-400x300.jpg 400w\" sizes=\"auto, (max-width: 600px) 100vw, 600px\" \/><\/a><\/p>\n<p>20.30 Kantine KFC Hamont 99<\/p>\n<p>Teamleidersontvangst<br \/>\nReception for the teamleaders<br \/>\nR\u00e9ception pour les dirigeants<br \/>\nEmpfang f\u00fcr die Vereinsleiter <\/p>\n<p><strong>ZONDAG SUNDAY DIMANCHE SONNTAG 24.04.2011 <\/strong><\/p>\n<p>9.30 Schiftingswedstrijden &#8211; Matches &#8211; Matches  &#8211; Fussballspiele <\/p>\n<p>13.30 Finales<\/p>\n<p>Finalewedstrijden tot 18 uur<br \/>\nFinals until 6 pm<br \/>\nFinales jusqu\u2019\u00e0 18.00 heures<br \/>\nEndspiele bis 18 Uhr <\/p>\n<p>16.30 &#038; 20.00 FEESTTENT-TENT-TENTE-FESTZELT KFC HAMONT 99 <\/p>\n<p>Prijsuitreiking<br \/>\nPrize ceremony<br \/>\nDistribution des prix<br \/>\nSiegerehrung<\/p>\n","protected":false},"excerpt":{"rendered":"<p>CEREMONIEEL PROGRAMMA &#8211; Ceremonies Programm &#8211; Programme des C\u00e9r\u00e9monies &#8211; Zeremonielles Programm VRIJDAG FRIDAY VENDREDI<\/p>\n","protected":false},"author":3,"featured_media":0,"parent":6452,"menu_order":0,"comment_status":"open","ping_status":"closed","template":"","meta":{"footnotes":""},"class_list":["post-6455","page","type-page","status-publish","hentry"],"_links":{"self":[{"href":"https:\/\/www.kfchamont99.be\/blog\/index.php?rest_route=\/wp\/v2\/pages\/6455","targetHints":{"allow":["GET"]}}],"collection":[{"href":"https:\/\/www.kfchamont99.be\/blog\/index.php?rest_route=\/wp\/v2\/pages"}],"about":[{"href":"https:\/\/www.kfchamont99.be\/blog\/index.php?rest_route=\/wp\/v2\/types\/page"}],"author":[{"embeddable":true,"href":"https:\/\/www.kfchamont99.be\/blog\/index.php?rest_route=\/wp\/v2\/users\/3"}],"replies":[{"embeddable":true,"href":"https:\/\/www.kfchamont99.be\/blog\/index.php?rest_route=%2Fwp%2Fv2%2Fcomments&post=6455"}],"version-history":[{"count":6,"href":"https:\/\/www.kfchamont99.be\/blog\/index.php?rest_route=\/wp\/v2\/pages\/6455\/revisions"}],"predecessor-version":[{"id":11828,"href":"https:\/\/www.kfchamont99.be\/blog\/index.php?rest_route=\/wp\/v2\/pages\/6455\/revisions\/11828"}],"up":[{"embeddable":true,"href":"https:\/\/www.kfchamont99.be\/blog\/index.php?rest_route=\/wp\/v2\/pages\/6452"}],"wp:attachment":[{"href":"https:\/\/www.kfchamont99.be\/blog\/index.php?rest_route=%2Fwp%2Fv2%2Fmedia&parent=6455"}],"curies":[{"name":"wp","href":"https:\/\/api.w.org\/{rel}","templated":true}]}}